{"id":3,"date":"2024-05-22T10:15:54","date_gmt":"2024-05-22T05:59:35","guid":{"rendered":"https:\/\/berlin-loft-2024.ddev.site\/wp\/?page_id=3"},"modified":"2024-06-14T14:14:10","modified_gmt":"2024-06-14T12:14:10","slug":"datenschutzerklaerung","status":"publish","type":"page","link":"https:\/\/www.a-fence.eu\/en\/datenschutzerklaerung\/","title":{"rendered":"Data Protection Policy"},"content":{"rendered":"\t<section class=\"section text-box text-box--variant-1 \" >\n\t\t<div class=\"container\">\n\t\t\t<h1 class=\"h2\">Datenschutzerkl\u00e4rung<\/h1><p><strong>Hinweise zu der Verarbeitung personenbezogener Daten bei Besuch der Webseite <\/strong><strong>\u201ewww.a-fence.eu\u201c <\/strong><strong>gem\u00e4\u00df Art. 13 EU-Datenschutzgrundverordnung (Stand 10.07.2020)<\/strong><\/p>\n<p>Wir, die Covivio Office Holding GmbH (nachfolgend \u201eCOHG\u201c, n\u00e4here Informationen zu unserem Unternehmen finden Sie im Impressum auf unserer Internetseite: https:\/\/www.a-fence.eu\/impressum\/), freuen uns, dass Sie unsere Webseite (www.a-fence.eu) besuchen.<\/p>\n<p>Diese Datenschutzerkl\u00e4rung informiert Sie \u00fcber die Verarbeitung Ihrer personenbezogenen Daten bei Nutzung unserer Webseite \u00fcber das Kunstprojekt A-Fence Alexanderplatz und Ihrer diesbez\u00fcglich bestehenden Rechte nach der Datenschutzgrundverordnung (DSGVO) sowie dem Bundesdatenschutzgesetz (BDSG).<\/p>\n<p>Sollten Sie Fragen zum Inhalt der Datenschutzerkl\u00e4rung haben, k\u00f6nnen Sie sich jederzeit an die folgende Adresse wenden:<\/p>\n<p><a href=\"mailto:datenschutz@covivio.immo\">datenschutz@covivio.immo<\/a><\/p>\n<p>Da Gesetzes\u00e4nderungen oder \u00c4nderungen unserer unternehmensinternen Prozesse gegebenenfalls eine Anpassung dieser Datenschutzerkl\u00e4rung erfordern, k\u00f6nnen sich im Laufe der Zeit bei dieser Datenschutzerkl\u00e4rung \u00c4nderungen ergeben. Die jeweils aktuelle Datenschutzerkl\u00e4rung kann unter\u00a0<a href=\"https:\/\/www.a-fence.eu\/datenschutzerklaerung\/\">https:\/\/www.a-fence.eu\/datenschutzerklaerung\/<\/a>\u00a0von Ihnen abgerufen und ausgedruckt werden.<\/p>\n<h2 class=\"h5\">\u00a7 1 Geltungsbereich<\/h2>\n<p>Diese Datenschutzerkl\u00e4rung gilt f\u00fcr die Verarbeitung Ihrer personenbezogenen Daten im Rahmen Ihres Besuchs und Ihrer Nutzung des Internetangebots der\u00a0 \u201eCOHG\u201c (als Verantwortlicher; vgl. \u00a7 10) unter der Domain\u00a0<a href=\"http:\/\/www.a-fence.eu\">www.a-fence.eu<\/a>\u00a0sowie den verschiedenen Subdomains und einzelnen Seiten (im Folgenden zusammenfassend \u201e<strong>Webseite<\/strong>\u201c genannt).<\/p>\n<h2 class=\"h5\">\u00a7 2 Definitionen<\/h2>\n<p><strong>Empf\u00e4nger<\/strong>\u00a0ist eine nat\u00fcrliche oder juristische Person, Beh\u00f6rde, Einrichtung oder andere Stelle, der personenbezogene Daten offengelegt werden, unabh\u00e4ngig davon, ob es sich bei ihr um einen Dritten handelt oder nicht. Beh\u00f6rden, die im Rahmen eines bestimmten Untersuchungsauftrags nach dem Unionsrecht oder dem Recht der Mitgliedstaaten m\u00f6glicherweise personenbezogene Daten erhalten, gelten jedoch nicht als Empf\u00e4nger. Die Verarbeitung dieser Daten durch die genannten Beh\u00f6rden erfolgt im Einklang mit den geltenden Datenschutzvorschriften gem\u00e4\u00df den Zwecken der Verarbeitung.<br \/><strong><br \/>Personenbezogene Daten<\/strong>\u00a0sind alle Informationen, die sich auf eine identifizierte oder identifizierbare nat\u00fcrliche Person beziehen. Als identifizierbar wird eine nat\u00fcrliche Person angesehen, die direkt oder indirekt, insbesondere mittels Zuordnung zu einer Kennung wie einem Namen, zu einer Kennnummer, zu Standortdaten, zu einer Online-Kennung oder zu einem oder mehreren besonderen Merkmalen, die Ausdruck der physischen, physiologischen, genetischen, psychischen, wirtschaftlichen, kulturellen oder sozialen Identit\u00e4t dieser nat\u00fcrlichen Person sind, identifiziert werden kann.<\/p>\n<p><strong>Verantwortlicher\u00a0<\/strong>ist die nat\u00fcrliche oder juristische Person, Beh\u00f6rde, Einrichtung oder andere Stelle, die allein oder gemeinsam mit anderen \u00fcber die Zwecke und Mittel der Verarbeitung von personenbezogenen Daten entscheidet. Sind die Zwecke und Mittel dieser Verarbeitung durch das Unionsrecht oder das Recht der Mitgliedstaaten vorgegeben, so kann der Verantwortliche beziehungsweise k\u00f6nnen die bestimmten Kriterien seiner Benennung nach dem Unionsrecht oder dem Recht der Mitgliedstaaten vorgesehen werden.<\/p>\n<p><strong>Verarbeitung\u00a0<\/strong>ist jeder mit oder ohne Hilfe automatisierter Verfahren ausgef\u00fchrte Vorgang oder jede solche Vorgangsreihe im Zusammenhang mit personenbezogenen Daten wie das Erheben, das Erfassen, die Organisation, das Ordnen, die Speicherung, die Anpassung oder Ver\u00e4nderung, das Auslesen, das Abfragen, die Verwendung, die Offenlegung durch \u00dcbermittlung, Verbreitung oder eine andere Form der Bereitstellung, den Abgleich oder die Verkn\u00fcpfung, die Einschr\u00e4nkung, das L\u00f6schen oder die Vernichtung.<\/p>\n<h2 class=\"h5\">\u00a0\u00a73 Gew\u00e4hrleistung der Datensicherheit<\/h2>\n<p>Wir treffen auf unseren Seiten technische und betriebliche Sicherheitsvorkehrungen, um die bei uns gespeicherten personenbezogenen Daten vor einem Zugriff durch Dritte, einem Verlust oder Missbrauch zu sch\u00fctzen und einen gesicherten Datentransfer zu erm\u00f6glichen. Wir m\u00fcssen Sie darauf hinweisen, dass es aufgrund der Struktur des Internets zu einem ungewollten Datenzugriff durch Dritte kommen kann. Es liegt daher auch in Ihrem Verantwortungsbereich und Interesse, ihre Daten durch Verschl\u00fcsselung oder in sonstiger Weise gegen Missbrauch zu sch\u00fctzen. Ohne entsprechende Schutzma\u00dfnahmen k\u00f6nnen insbesondere unverschl\u00fcsselt \u00fcbertragene Daten, auch wenn dies per E-Mail erfolgt, von Dritten mitgelesen werden.<\/p>\n<h2 class=\"h5\">\u00a7 4 Datenschutz von Minderj\u00e4hrigen<\/h2>\n<p>Der Schutz von Minderj\u00e4hrigen im Internet ist f\u00fcr die \u201eCOHG\u201c selbstverst\u00e4ndlich und besonders erstrebenswert. Die \u201eCOHG\u201c r\u00e4t aus diesem Grunde allen Eltern und Aufsichtspersonen, Minderj\u00e4hrige zu einem verantwortungsbewussten Umgang mit personenbezogenen Daten im Internet anzuhalten. Ohne Zustimmung der Eltern oder der Aufsichtspersonen sollten Minderj\u00e4hrige, insbesondere Kinder, keine personenbezogenen Daten an die \u201eCOHG\u201c bzw. \u00fcber das Internet \u00fcbermitteln.<\/p>\n<h2 class=\"h5\">\u00a7 5 Datenschutz (u.a. Zwecke und Rechtsgrundlagen der Datenverarbeitung; Dauer der Speicherung) auf der Webseite www.a-fence.eu<\/h2>\n<p>Im Folgenden f\u00fchren wir die Zwecke der Verarbeitung Ihrer personenbezogenen Daten sowie die erforderlichen Rechtsgrundlagen auf. Eine Nutzung Ihrer personenbezogenen Daten, die \u00fcber die in dieser Datenschutzerkl\u00e4rung genannten Nutzungsarten hinausgeht, findet nicht statt. Eine \u00dcbermittlung Ihrer personenbezogenen Daten an Dritte ohne Ihre Einwilligung findet, ausgenommen der im Rahmen dieser Datenschutzerkl\u00e4rung dargestellten F\u00e4lle, ebenfalls nicht statt, es sei denn, dass wir gesetzlich zur Herausgabe dieser Daten verpflichtet sind.<\/p>\n<p>Im Einzelnen speichern wir folgende Daten:<\/p>\n<ol>\n<li><strong>Besuch der Webseite<\/strong><\/li>\n<\/ol>\n<p>Wir weisen Sie darauf hin, dass Sie nicht verpflichtet sind, uns ihre personenbezogenen Daten \u00fcber unsere Website zur Verf\u00fcgung zu stellen. Die Bereitstellung Ihrer Daten \u00fcber unsere Website ist weder gesetzlich, noch vertraglich vorgeschrieben noch f\u00fcr einen Vertragsschluss erforderlich. Die Nichtbereitstellung der Daten kann allerdings dazu f\u00fchren, dass Sie gewisse Funktionen\/Leistungen auf unserer Webseite nicht nutzen k\u00f6nnen.<\/p>\n<p>Bei jedem Zugriff auf unsere Webseite und bei jedem Abruf einer Datei werden \u00fcber diesen Vorgang automatisch Daten in einer Protokolldatei (\u201eLogfiles\u201c) gespeichert. Diese sind:<\/p>\n<ul>\n<li>die Information, welche Seiten aufgerufen wurden, die Verweildauer auf den einzelnen Seiten, die Ausstiegsseite (d.h., die Stelle, an der die Webseite verlassen wurde),<\/li>\n<li>die Suchbegriffe und die Suchmaschine, die Sie zu https:\/\/<a href=\"http:\/\/www.a-fence.eu\/\">www.a-fence.eu<\/a>\u00a0weitergeleitet haben,<\/li>\n<li>die Bildschirmaufl\u00f6sung,<\/li>\n<li>der Browser,<\/li>\n<li>das Betriebssystem,<\/li>\n<li>das Land, aus dem der Zugriff erfolgt ist,<\/li>\n<li>die Information, ob und wann (Datum und Uhrzeit) Downloads vorgenommen wurden,<\/li>\n<li>Datum und Uhrzeit des Abrufs.<\/li>\n<\/ul>\n<p>Die Speicherung dient ausschlie\u00dflich internen systembezogenen Zwecken zur Gew\u00e4hrleistung der Datensicherheit und des reibungslosen Betriebs der hierf\u00fcr genutzten IT-Systeme. Die Speicherung der Daten und Informationen erfolgt unter der Datenhoheit der \u201eCOHG\u201c auf dem Server unseres externen IT-Dienstleisters\/Webhosting-Providers in Deutschland auf Grundlage berechtigter Interessen gem\u00e4\u00df Art. 6 Abs. 1 S. 1 lit. f) DSGVO. Die Daten der Logfiles vom Vortag werden t\u00e4glich archiviert und innerhalb von 14 Tagen gel\u00f6scht, soweit ihre Verarbeitung f\u00fcr diese Zwecke nicht mehr erforderlich ist.<\/p>\n<ol style=\"counter-set: li 1;\">\n<li><strong>Einbindung fremder Diensteangebote<\/strong><\/li>\n<\/ol>\n<p><b>Polylang<\/b><\/p>\n<p>F\u00fcr die Mehrsprachigkeit unserer Webseite verwenden wir das Programm Polylang. Cookies von Polylang werden ausschlie\u00dflich zum Erkennen und Festhalten der vom Nutzer verwendeten oder gew\u00e4hlten Sprache gesetzt. Diese Cookies bleiben f\u00fcr ein Jahr gespeichert und werden danach gel\u00f6scht.<\/p>\n<p>Weitere Informationen zu Datenschutzkonformit\u00e4t finden Sie hier: https:\/\/polylang.pro\/doc\/is-polylang-compatible-with-the-eu-cookie-law\/.<\/p>\n<p><strong>Einbindung von Google Maps<\/strong><\/p>\n<p>Auf dieser Webseite nutzen wir das Angebot von Google Maps, einem Angebot der Firma Google Ireland Limited. Dies dient dem Zweck, Ihnen interaktive Karten direkt in der Website anzeigen, eine leichte Auffindbarkeit der von uns auf der Webseite angegebenen Orte und die komfortable Nutzung der Karten-Funktion zu erm\u00f6glichen.<\/p>\n<p>Diese Anwendung wird direkt von Servern der Firma Google abgerufen, so dass das Unternehmen die Ihnen aktuell zugewiesene IP Adresse erh\u00e4lt. Durch den Besuch auf der Webseite erh\u00e4lt Google die Information, dass Sie die entsprechende Unterseite unserer Webseite aufgerufen haben. Ob und in welchem Umfang bzw. \u00fcber welchen Zeitraum die IP-Adresse von Google gespeichert und intern genutzt wird, entzieht sich unserer Kenntnis. Rechtsgrundlage f\u00fcr die Einbindung dieses Dienstes ist Art. 6 Abs. 1 S. 1 lit. f DS-GVO.<\/p>\n<p><strong>Einbindung von Vimeo Videos<\/strong><\/p>\n<p>Unsere Webseite nutzt Plugins der von der Vimeo Inc., 555 West 18th Street New York, New York 10011, betriebenen Seite Vimeo.<\/p>\n<p>Wenn Sie eine unserer mit einem Vimeo-Plugin ausgestatteten Seiten besuchen, wird eine Verbindung zu den Servern von Vimeo hergestellt. Dabei wird dem Vimeo-Server mitgeteilt, welche unserer Seiten Sie besucht haben.<\/p>\n<p>Wenn Sie in Ihrem Vimeo-Account eingeloggt sind, erm\u00f6glichen Sie Vimeo, Ihr Surfverhalten direkt Ihrem pers\u00f6nlichen Profil zuzuordnen. Dies k\u00f6nnen Sie verhindern, indem Sie sich aus Ihrem Vimeo-Account ausloggen.<\/p>\n<p>Wir weisen Sie darauf hin, dass Datenverarbeitungen durch Vimeo au\u00dferhalb der EU\/des EWR, insbesondere in den USA, erfolgen k\u00f6nnen. Die Angemessenheit des Datenschutzniveaus wird seitens Vimeo durch die Verwendung der Standardvertragsklauseln sichergestellt. Diese k\u00f6nnen Sie unter\u00a0<strong>[\u2026]<\/strong>\u00a0einsehen.<\/p>\n<p>Die Nutzung von Vimeo erfolgt im Interesse einer ansprechenden Darstellung unserer Online-Angebote und somit auf Grundlage von Art. 6 Abs. 1 lit. f DSGVO dar. Wir erfassen nur in welchem Umfang auf die bei uns eingebundenen Vimeo-Videos aufgerufen werden und l\u00f6schen diese Daten nach Ablauf von [zwei] Jahren.<\/p>\n<p>Weitere Informationen zum Umgang mit Nutzerdaten finden Sie in der Datenschutzerkl\u00e4rung von Vimeo unter: https:\/\/vimeo.com\/privacy#international_data_transfers_and_certain_user_rights<\/p>\n<p><strong>Einbindung einer Routenkarte \u00fcber Openrouteservice<\/strong><\/p>\n<p>Auf dieser Webseite nutzen wir die Einbindung einer interaktiven Routenkarte, die auf Grundlage der Open Data Commons Open Database Lizenz (ODbL) durch das Angebot der OpenStreetMap Foundation durch das Heidelberg Institute for Geoinformation Technology angeboten wird. Damit k\u00f6nnen wir Ihnen interaktive Karten und Routen direkt in unserer Website anzeigen und eine leichte Auffindbarkeit der von uns auf der Website angegebenen Orte und die komfortable Nutzung der Karten-Funktion erm\u00f6glichen.<\/p>\n<p>Diese Anwendung wird direkt von Servern der Heidelberg Institute for Geoinformation Technology abgerufen, so dass diese die Ihnen aktuell zugewiesene IP Adresse und Standortdaten erh\u00e4lt. Durch den Besuch auf der Website erh\u00e4lt die Heidelberg Institute for Geoinformation Technology die Information, dass Sie die entsprechende Unterseite unserer Website aufgerufen haben. Ob und in welchem Umfang bzw. \u00fcber welchen Zeitraum die IP-Adresse von der Heidelberg Institute for Geoinformation Technology gespeichert und intern genutzt wird, entzieht sich unserer Kenntnis. Es ist jedoch davon auszugehen, dass die Daten der Nutzer durch Heidelberg Institute for Geoinformation Technology ausschlie\u00dflich zu Zwecken der Darstellung der Karten- und Routenfunktionen und Zwischenspeicherung der gew\u00e4hlten Einstellungen verwendet werden. Rechtsgrundlage f\u00fcr die Einbindung dieses Dienstes ist Art. 6 Abs. 1 S. 1 lit. f DS-GVO.<\/p>\n<ol style=\"counter-set: li 2;\">\n<li><strong>Einsatz von Cookies<\/strong><\/li>\n<\/ol>\n<p>Wir setzen allenfalls funktionelle\/essentielle Cookies ein. Essentielle Cookies erm\u00f6glichen grundlegende Funktionen und sind f\u00fcr die einwandfreie Funktion der Webseite erforderlich. Cookies sind kleine Textdateien, die im Rahmen Ihres Besuchs unserer Webseite von unserem Webserver an Ihren Browser gesandt und von diesem auf Ihrem Endger\u00e4t f\u00fcr einen sp\u00e4teren Abruf vorgehalten werden. Wir setzen nur sog. Session Cookies (auch als tempor\u00e4re Cookies bezeichnet) auf der Grundlage unserer berechtigten Interessen gem. Art. 6 Abs. 1 Satz 1 lit. f DSGVO zur Verbesserung der Nutzerfreundlichkeit ein, die ausschlie\u00dflich f\u00fcr die Dauer der Nutzung auf unserer Webseite zwischengespeichert wird. Bei aktuellen g\u00e4ngigen Browsern wird dieser Cookie nach der Sitzungsdauer wieder gel\u00f6scht.<\/p>\n<h2 class=\"h5\">\u00a76 Datenschutz (u.a. Zwecke und Rechtsgrundlagen der Datenverarbeitung;\u00a0Dauer der Speicherung) bei Kontaktaufnahme<\/h2>\n<p>F\u00fcr den Fall, dass Sie telefonisch, per Post oder E-Mail mit uns Kontakt aufnehmen, verarbeiten wir Ihre \u00fcber diese Kommunikationswege durch Sie mitgeteilten Daten f\u00fcr die Bearbeitung und Beantwortung Ihres Anliegens. Diese Angaben speichern wir f\u00fcr Nachweiszwecke f\u00fcr bis zu drei Monate. Abh\u00e4ngig vom Gegenstand der Anfrage kann es im Einzelfall vorkommen, dass die Angaben f\u00fcr die Zeit aufbewahrt werden, in der Anspr\u00fcche gegen unser Unternehmen geltend gemacht werden k\u00f6nnen (gesetzliche Verj\u00e4hrungsfrist von drei oder bis zu drei\u00dfig Jahren), oder wir zu einer l\u00e4ngeren Aufbewahrung aufgrund gesetzlicher Aufbewahrungsfristen verpflichtet sind. Rechtsgrundlage f\u00fcr die Datenverarbeitung ist Art. 6 Abs. 1 S. 1 lit.f) DSGVO.<\/p>\n<h2 class=\"h5\">\u00a77 Weitergabe der Daten an Dritte<\/h2>\n<p>Eine Daten\u00fcbermittlung an Dritte erfolgt grunds\u00e4tzlich nicht. Im Rahmen der Angebote unserer Webseite bedienen wir uns teilweise externer Dienstleister, die personenbezogene Daten in unserem Auftrag verarbeiten (z.B. IT-Dienstleistungen). Diese Dienstleister wurden von uns schriftlich beauftragt und sorgf\u00e4ltig ausgew\u00e4hlt. Sie sind an unsere Weisungen gebunden und werden von uns regelm\u00e4\u00dfig im Hinblick auf die Einhaltung der datenschutzrechtlichen Erfordernisse kontrolliert. Alle Systeme, in denen Ihre personenbezogenen Daten gespeichert werden und auf die externe Dienstleister Zugriff haben, sind passwortgesch\u00fctzt und nur denjenigen Personen zug\u00e4nglich, die Ihre Daten zur Bearbeitung der von Ihnen autorisierten Zwecke ben\u00f6tigen. Wir stellen im Rahmen der gesetzlichen Bestimmungen sicher, dass die Daten durch die betreffenden externen Dienstleister in dem hier vereinbarten Sinne verarbeitet, genutzt und an diese \u00fcbermittelt werden. Dar\u00fcber hinaus werden ihre Daten von uns grunds\u00e4tzlich nicht an Dritte weitergegeben. Eine Weitergabe erfolgt nur dann, wenn dies durch eine gesetzliche Grundlage geboten und erlaubt ist.<\/p>\n<h2 class=\"h5\">\u00a78\u00a0Einwilligung und Widerruf Ihrer Einwilligung<\/h2>\n<p>Sofern Sie uns eine Einwilligung f\u00fcr die Verarbeitung Ihrer personenbezogenen Daten erteilt haben, k\u00f6nnen Sie diese jederzeit widerrufen. Der Widerruf Ihrer Einwilligung wirkt f\u00fcr die Zukunft. Die Rechtm\u00e4\u00dfigkeit der Verarbeitung Ihrer personenbezogenen Daten bis zum Zeitpunkt des Widerrufs bleibt unber\u00fchrt. Richten Sie bitte Ihren Widerruf an: datenschutzverantwortlicher@covivio.immo<br \/>Sofern Sie Ihre Einwilligung widerrufen, verarbeiten wir Ihre in diesem Zusammenhang erhobenen personenbezogenen Daten zur Beantwortung Ihrer Anfrage. Die Verarbeitung Ihrer personenbezogenen Daten erfolgt zur Erf\u00fcllung einer rechtlichen Verpflichtung auf Grundlage von Art. 6 Abs. 1 S. 1 lit. c) DSGVO.<\/p>\n<h2 class=\"h5\">\u00a79\u00a0Welche Rechte haben Sie?<\/h2>\n<p>Sie haben die M\u00f6glichkeit, verschiedene Rechte wahrzunehmen.<\/p>\n<p>Beispielsweise haben Sie das Recht auf<\/p>\n<ul>\n<li><strong>Auskunft<\/strong>, welche Daten wir zu Ihrer Person gespeichert haben. Sollten trotz unseres Bem\u00fchens um richtige und aktuelle Daten falsche Daten bei uns gespeichert sein,\u00a0<strong>berichtigen<\/strong>\u00a0wir diese.<\/li>\n<\/ul>\n<ul>\n<li>Sie haben ferner das Recht, die\u00a0<strong>L\u00f6schung<\/strong>\u00a0Ihrer Daten zu verlangen; wir kommen diesem L\u00f6schverlangen nach, sofern nicht ausnahmsweise ein zur weiteren Verarbeitung berechtigender Fall vorliegt.<\/li>\n<\/ul>\n<ul>\n<li>Dar\u00fcber hinaus k\u00f6nnen Sie, sofern ein hierzu berechtigter Grund vorliegt, die\u00a0<strong>Einschr\u00e4nkung<\/strong>\u00a0der Verarbeitung verlangen.<\/li>\n<\/ul>\n<ul>\n<li>Ferner haben Sie das Recht, der Datenverarbeitung zu\u00a0<strong>widersprechen<\/strong>, und das Recht, eine Kopie der Daten zu verlangen.<\/li>\n<\/ul>\n<ul>\n<li>Falls Sie uns f\u00fcr die Verarbeitung Ihrer Daten eine Einwilligung erteilt haben bzw. wenn Sie uns in den Online-Formularen unserer Website in nicht verpflichtenden Feldern Ihre personenbezogenen Daten freiwillig bereitgestellt haben, k\u00f6nnen Sie die Verarbeitung dieser Daten jederzeit mit Wirkung f\u00fcr die Zukunft\u00a0<strong>widerrufen<\/strong>.<\/li>\n<\/ul>\n<h2 class=\"h5\">\u00a710 Verantwortlicher und Kontaktdaten<\/h2>\n<p>In allen vorgenannten F\u00e4llen ist f\u00fcr die Datenverarbeitung\u00a0<strong>Verantwortlicher<\/strong>:<\/p>\n<p>Covivio Office Holding GmbH<br \/>Knesebeckstra\u00dfe 3<br \/>10623 Berlin, <br \/><br \/>Telefon: 0049(0)30 221821-120 <br \/>E-Mail: <a href=\"mailto:datenschutzverantwortlicher@covivio.immo\">datenschutzverantwortlicher@covivio.immo<\/a><\/p>\n<p>Weitere Informationen zu unserem Unternehmen, Angaben zu den vertretungsberechtigten Personen und auch weitere Kontaktm\u00f6glichkeiten in unserem Impressum finden Sie auf unserer Internetseite: <a href=\"https:\/\/www.a-fence.eu\/impressum\/\">https:\/\/www.a-fence.eu\/impressum\/<\/a><\/p>\n<p>Bei Fragen zur Verarbeitung Ihrer personenbezogenen Daten oder zum Thema Datenschutz allgemein, wenden Sie sich am einfachsten an uns und unseren Datenschutzbeauftragten unter\u00a0<a href=\"mailto:datenschutz@covivio.immo\">datenschutz@covivio.immo<\/a><\/p>\n<h2 class=\"h5\">\u00a711 Recht zur Beschwerde<\/h2>\n<p>Sie haben das Recht zur Beschwerde bei einer Datenschutzaufsichtsbeh\u00f6rde. In Berlin ist dies folgende Aufsichtsbeh\u00f6rde:<\/p>\n<p>Berliner Beauftragter f\u00fcr Datenschutz und Informationsfreiheit <br \/>Friedrichstr. 219<br \/>10969 Berlin<\/p>\n<p>Tel.: 030\/13889-0<br \/>Fax: 030\/215-5050<br \/><br \/>E-Mail: <a href=\"mailto:mailbox@datenschutz-berlin.de\">mailbox@datenschutz-berlin.de<\/a><br \/>Internet: <a href=\"http:\/\/www.datenschutz-berlin.de\" target=\"_blank\" rel=\"noopener\">http:\/\/www.datenschutz-berlin.de<\/a><\/p>\n<h2 class=\"h5\">\u00a712 \u00c4nderung der Datenschutzerkl\u00e4rung<\/h2>\n<p>Die Bestimmungen dieser Datenschutzerkl\u00e4rung gelten in ihrer zum Zeitpunkt g\u00fcltigen Fassung. Inhaltlich kann diese Datenschutzerkl\u00e4rung erg\u00e4nzt oder ge\u00e4ndert werden. Die aktualisierte Datenschutzinformation gilt ab dem Zeitpunkt, in dem sie auf unserer Webseite ver\u00f6ffentlicht wurde.<\/p>\t\t<\/div>\n\t<\/section>\n","protected":false},"excerpt":{"rendered":"","protected":false},"author":1,"featured_media":0,"parent":0,"menu_order":5,"comment_status":"closed","ping_status":"open","template":"","meta":{"_acf_changed":false,"inline_featured_image":false,"footnotes":""},"class_list":["post-3","page","type-page","status-publish","hentry"],"acf":[],"yoast_head":"<!-- This site is optimized with the Yoast SEO plugin v27.3 - https:\/\/yoast.com\/product\/yoast-seo-wordpress\/ -->\n<title>Datenschutz | A-Fence Alexanderplatz by Covivio<\/title>\n<meta name=\"robots\" content=\"index, follow, max-snippet:-1, max-image-preview:large, max-video-preview:-1\" \/>\n<link rel=\"canonical\" href=\"https:\/\/www.a-fence.eu\/en\/datenschutzerklaerung\/\" \/>\n<meta property=\"og:locale\" content=\"en_GB\" \/>\n<meta property=\"og:type\" content=\"article\" \/>\n<meta property=\"og:title\" content=\"Datenschutz | A-Fence Alexanderplatz by Covivio\" \/>\n<meta property=\"og:url\" content=\"https:\/\/www.a-fence.eu\/en\/datenschutzerklaerung\/\" \/>\n<meta property=\"og:site_name\" content=\"A-Fence by Covivio\" \/>\n<meta property=\"article:modified_time\" content=\"2024-06-14T12:14:10+00:00\" \/>\n<meta name=\"twitter:card\" content=\"summary_large_image\" \/>\n<script type=\"application\/ld+json\" class=\"yoast-schema-graph\">{\"@context\":\"https:\\\/\\\/schema.org\",\"@graph\":[{\"@type\":\"WebPage\",\"@id\":\"https:\\\/\\\/www.a-fence.eu\\\/datenschutzerklaerung\\\/\",\"url\":\"https:\\\/\\\/www.a-fence.eu\\\/datenschutzerklaerung\\\/\",\"name\":\"Datenschutz | A-Fence Alexanderplatz by Covivio\",\"isPartOf\":{\"@id\":\"https:\\\/\\\/www.a-fence.eu\\\/#website\"},\"datePublished\":\"2024-05-22T05:59:35+00:00\",\"dateModified\":\"2024-06-14T12:14:10+00:00\",\"breadcrumb\":{\"@id\":\"https:\\\/\\\/www.a-fence.eu\\\/datenschutzerklaerung\\\/#breadcrumb\"},\"inLanguage\":\"en-GB\",\"potentialAction\":[{\"@type\":\"ReadAction\",\"target\":[\"https:\\\/\\\/www.a-fence.eu\\\/datenschutzerklaerung\\\/\"]}]},{\"@type\":\"BreadcrumbList\",\"@id\":\"https:\\\/\\\/www.a-fence.eu\\\/datenschutzerklaerung\\\/#breadcrumb\",\"itemListElement\":[{\"@type\":\"ListItem\",\"position\":1,\"name\":\"Home\",\"item\":\"https:\\\/\\\/www.a-fence.eu\\\/\"},{\"@type\":\"ListItem\",\"position\":2,\"name\":\"Datenschutz\"}]},{\"@type\":\"WebSite\",\"@id\":\"https:\\\/\\\/www.a-fence.eu\\\/#website\",\"url\":\"https:\\\/\\\/www.a-fence.eu\\\/\",\"name\":\"A-Fence Alexanderplatz by Covivio\",\"description\":\"\",\"potentialAction\":[{\"@type\":\"SearchAction\",\"target\":{\"@type\":\"EntryPoint\",\"urlTemplate\":\"https:\\\/\\\/www.a-fence.eu\\\/?s={search_term_string}\"},\"query-input\":{\"@type\":\"PropertyValueSpecification\",\"valueRequired\":true,\"valueName\":\"search_term_string\"}}],\"inLanguage\":\"en-GB\"}]}<\/script>\n<!-- \/ Yoast SEO plugin. -->","yoast_head_json":{"title":"Datenschutz | A-Fence Alexanderplatz by Covivio","robots":{"index":"index","follow":"follow","max-snippet":"max-snippet:-1","max-image-preview":"max-image-preview:large","max-video-preview":"max-video-preview:-1"},"canonical":"https:\/\/www.a-fence.eu\/en\/datenschutzerklaerung\/","og_locale":"en_GB","og_type":"article","og_title":"Datenschutz | A-Fence Alexanderplatz by Covivio","og_url":"https:\/\/www.a-fence.eu\/en\/datenschutzerklaerung\/","og_site_name":"A-Fence by Covivio","article_modified_time":"2024-06-14T12:14:10+00:00","twitter_card":"summary_large_image","schema":{"@context":"https:\/\/schema.org","@graph":[{"@type":"WebPage","@id":"https:\/\/www.a-fence.eu\/datenschutzerklaerung\/","url":"https:\/\/www.a-fence.eu\/datenschutzerklaerung\/","name":"Datenschutz | A-Fence Alexanderplatz by Covivio","isPartOf":{"@id":"https:\/\/www.a-fence.eu\/#website"},"datePublished":"2024-05-22T05:59:35+00:00","dateModified":"2024-06-14T12:14:10+00:00","breadcrumb":{"@id":"https:\/\/www.a-fence.eu\/datenschutzerklaerung\/#breadcrumb"},"inLanguage":"en-GB","potentialAction":[{"@type":"ReadAction","target":["https:\/\/www.a-fence.eu\/datenschutzerklaerung\/"]}]},{"@type":"BreadcrumbList","@id":"https:\/\/www.a-fence.eu\/datenschutzerklaerung\/#breadcrumb","itemListElement":[{"@type":"ListItem","position":1,"name":"Home","item":"https:\/\/www.a-fence.eu\/"},{"@type":"ListItem","position":2,"name":"Datenschutz"}]},{"@type":"WebSite","@id":"https:\/\/www.a-fence.eu\/#website","url":"https:\/\/www.a-fence.eu\/","name":"A-Fence Alexanderplatz by Covivio","description":"","potentialAction":[{"@type":"SearchAction","target":{"@type":"EntryPoint","urlTemplate":"https:\/\/www.a-fence.eu\/?s={search_term_string}"},"query-input":{"@type":"PropertyValueSpecification","valueRequired":true,"valueName":"search_term_string"}}],"inLanguage":"en-GB"}]}},"_links":{"self":[{"href":"https:\/\/www.a-fence.eu\/en\/wp-json\/wp\/v2\/pages\/3","targetHints":{"allow":["GET"]}}],"collection":[{"href":"https:\/\/www.a-fence.eu\/en\/wp-json\/wp\/v2\/pages"}],"about":[{"href":"https:\/\/www.a-fence.eu\/en\/wp-json\/wp\/v2\/types\/page"}],"author":[{"embeddable":true,"href":"https:\/\/www.a-fence.eu\/en\/wp-json\/wp\/v2\/users\/1"}],"replies":[{"embeddable":true,"href":"https:\/\/www.a-fence.eu\/en\/wp-json\/wp\/v2\/comments?post=3"}],"version-history":[{"count":28,"href":"https:\/\/www.a-fence.eu\/en\/wp-json\/wp\/v2\/pages\/3\/revisions"}],"predecessor-version":[{"id":1444,"href":"https:\/\/www.a-fence.eu\/en\/wp-json\/wp\/v2\/pages\/3\/revisions\/1444"}],"wp:attachment":[{"href":"https:\/\/www.a-fence.eu\/en\/wp-json\/wp\/v2\/media?parent=3"}],"curies":[{"name":"wp","href":"https:\/\/api.w.org\/{rel}","templated":true}]}}